{"id":8,"date":"2024-11-20T04:00:42","date_gmt":"2024-11-20T04:00:42","guid":{"rendered":"https:\/\/www.spokenwordberlin.net\/?page_id=8"},"modified":"2024-11-20T04:11:49","modified_gmt":"2024-11-20T04:11:49","slug":"poetry","status":"publish","type":"page","link":"http:\/\/www.spokenwordberlin.net\/?page_id=8","title":{"rendered":"Poetry"},"content":{"rendered":"\n<p>Philipp &#8220;Scharri&#8221; Scharrenberg ist noch relativ frisch in der Slam-Szene; vor genau einem Jahr hat er an seinem ersten Slam teilgenommen und dann auch noch gewonnen. Spezialit\u00e4t sind komische Gedichte, die nicht selten ins Absurde tendieren. Jetzt ist er zum ersten Mal beim National Slam dabei und hat viele bunte Verse im Gep\u00e4ck.<\/p>\n\n\n\n<p>Geboren irgendwann Ende der Siebziger oder Anfang der Achtziger hat bereits vor der ersten Klasse das Schreiben mit einer alten, klapprigen Schreibmaschine gelernt. Vor dem Abitur hat er seine Schulaufs\u00e4tze immer mit dem Anspruch geschrieben, das Lehrpersonal zu verunsichern oder zu ersch\u00fcttern. Entmutigt von zu viel Kritik an seinen Ideen begann Andy erst wieder w\u00e4hrend des Soziologiestudiums in langweiligen Seminaren mit dem Schreiben und treibt sich seit Dezember 2006 erfolgreich auf Poetry Slam B\u00fchnen im deutschsprachigen Raum herum. <\/p>\n\n\n\n<p>Nebenher engagiert er sich aktiv f\u00fcr die Verbreitung von Stra\u00dfenkunst und unterst\u00fczt soziale K\u00e4mpfe (am liebsten die, die am verlorensten scheinen). Dar\u00fcber, ob er nun ein verkannter Prophet oder ein zur\u00fcckgezogener Soziopath ist, hat jeder Leser oder Zuh\u00f6rer selbst zu urteilen. Beim WDR gewesen, diverses ver\u00f6ffentlicht. Salbader, Exot, mehrere Slams gewonnen. kann nur Kurzgeschichten. eigentlich auch nur abstruse Kurzgeschichten. gerne ohne Inhalt.<\/p>\n\n\n\n<p>Wie begegnet man einer sechzigk\u00f6pfigen Stormtrooper-Staatsvertretung, die die Wohnung nach Weckern durchsucht? Wie macht man einem Parisienne klar, warum man bei Eisesk\u00e4lte den Eiffelturm ablecken musste und nun dringend warmes Wasser braucht, um die Zunge wieder zu befreien?<\/p>\n\n\n\n<p>Mit Zynismus, der Sprache der M\u00e4chtigen wie der Hilflosen. Maik Martschinkowsky bringt Zwischenr\u00e4ume zum Sprechen, die sonst unerh\u00f6rt blieben, bringt den Blick auf Abwege und h\u00e4lt den Glauben daran hoch, dass Utopien nicht zu unrecht ihrer Erf\u00fcllung harren. Und sei es in den Tagtr\u00e4umen eines ewig Unausgeschlafenen.<\/p>\n\n\n\n<p>Braune Augen, schwarze Haare,gro\u00dfe Nase: sieht nicht wirklich so aus als ob er deutsch k\u00f6nnte&#8230;<\/p>\n","protected":false},"excerpt":{"rendered":"<p>Philipp &#8220;Scharri&#8221; Scharrenberg ist noch relativ frisch in der Slam-Szene; vor genau einem Jahr hat er an seinem ersten Slam teilgenommen und dann auch noch gewonnen. Spezialit\u00e4t sind komische Gedichte, die nicht selten ins Absurde tendieren. Jetzt ist er zum ersten Mal beim National Slam dabei und hat viele bunte Verse im Gep\u00e4ck. Geboren irgendwann [&hellip;]<\/p>\n","protected":false},"author":1,"featured_media":0,"parent":0,"menu_order":2,"comment_status":"closed","ping_status":"closed","template":"","meta":{"footnotes":""},"class_list":["post-8","page","type-page","status-publish","hentry"],"_links":{"self":[{"href":"http:\/\/www.spokenwordberlin.net\/index.php?rest_route=\/wp\/v2\/pages\/8","targetHints":{"allow":["GET"]}}],"collection":[{"href":"http:\/\/www.spokenwordberlin.net\/index.php?rest_route=\/wp\/v2\/pages"}],"about":[{"href":"http:\/\/www.spokenwordberlin.net\/index.php?rest_route=\/wp\/v2\/types\/page"}],"author":[{"embeddable":true,"href":"http:\/\/www.spokenwordberlin.net\/index.php?rest_route=\/wp\/v2\/users\/1"}],"replies":[{"embeddable":true,"href":"http:\/\/www.spokenwordberlin.net\/index.php?rest_route=%2Fwp%2Fv2%2Fcomments&post=8"}],"version-history":[{"count":1,"href":"http:\/\/www.spokenwordberlin.net\/index.php?rest_route=\/wp\/v2\/pages\/8\/revisions"}],"predecessor-version":[{"id":11,"href":"http:\/\/www.spokenwordberlin.net\/index.php?rest_route=\/wp\/v2\/pages\/8\/revisions\/11"}],"wp:attachment":[{"href":"http:\/\/www.spokenwordberlin.net\/index.php?rest_route=%2Fwp%2Fv2%2Fmedia&parent=8"}],"curies":[{"name":"wp","href":"https:\/\/api.w.org\/{rel}","templated":true}]}}